{"id":8495,"date":"2026-01-04T00:59:08","date_gmt":"2026-01-03T21:59:08","guid":{"rendered":"https:\/\/www.iys2.ertugrulkiral.com.tr\/?page_id=8495"},"modified":"2026-01-04T01:12:04","modified_gmt":"2026-01-03T22:12:04","slug":"kariyer","status":"publish","type":"page","link":"https:\/\/www.iys2.ertugrulkiral.com.tr\/?page_id=8495","title":{"rendered":"Kariyer"},"content":{"rendered":"\t\t<div data-elementor-type=\"wp-page\" data-elementor-id=\"8495\" class=\"elementor elementor-8495\">\n\t\t\t\t<div class=\"elementor-element elementor-element-f2220ef e-flex e-con-boxed e-con e-parent\" data-id=\"f2220ef\" data-element_type=\"container\">\n\t\t\t\t\t<div class=\"e-con-inner\">\n\t\t\t\t<div class=\"elementor-element elementor-element-5375c1e elementor-widget elementor-widget-wd_title\" data-id=\"5375c1e\" data-element_type=\"widget\" data-widget_type=\"wd_title.default\">\n\t\t\t\t<div class=\"elementor-widget-container\">\n\t\t\t\t\t\t\t\t<link rel=\"stylesheet\" id=\"wd-section-title-css\" href=\"https:\/\/www.iys2.ertugrulkiral.com.tr\/wp-content\/themes\/woodmart\/css\/parts\/el-section-title.min.css?ver=6.3.2\" type=\"text\/css\" media=\"all\" \/> \t\t\t\t\t<div class=\"title-wrapper set-mb-s reset-last-child wd-title-color-default wd-title-style-default wd-title-size-default text-center\">\n\n\t\t\t\t\t\t\t<div class=\"title-subtitle subtitle-color-default subtitle-style-default wd-fontsize-xs\">\n\t\t\t\t\t\u00d6n Lisans Mezunu\t\t\t\t<\/div>\n\t\t\t\n\t\t\t<div class=\"liner-continer\">\n\t\t\t\t<h4 class=\"woodmart-title-container title wd-fontsize-l\">Bilgisayar Programc\u0131s\u0131<\/h4> \n\t\t\t\t\t\t\t<\/div>\n\n\t\t\t\t\t\t\t<div class=\"title-after_title set-cont-mb-s reset-last-child wd-fontsize-xs\">\n\t\t\t\t\t<p>\u00c7al\u0131\u015fmalar Alt Alanda Verilmi\u015ftir Bilinen Diller C#,HTML,PHP,C++<\/p>\t\t\t\t<\/div>\n\t\t\t\t\t<\/div>\n\t\t\t\t\t\t<\/div>\n\t\t\t\t<\/div>\n\t\t\t\t<div class=\"elementor-element elementor-element-3cec46c elementor-widget elementor-widget-wd_text_block\" data-id=\"3cec46c\" data-element_type=\"widget\" data-widget_type=\"wd_text_block.default\">\n\t\t\t\t<div class=\"elementor-widget-container\">\n\t\t\t\t\t\t\t\t<link rel=\"stylesheet\" id=\"wd-text-block-css\" href=\"https:\/\/www.iys2.ertugrulkiral.com.tr\/wp-content\/themes\/woodmart\/css\/parts\/el-text-block.min.css?ver=6.3.2\" type=\"text\/css\" media=\"all\" \/> \t\t\t\t\t<div class=\"wd-text-block reset-last-child text-left\">\n\t\t\t\n\t\t\thttps:\/\/ertugrulkiral.com.tr\/insaat_stok\/<br>                                                      https:\/\/ertugrulkiral.com.tr\/de\/\n\t\t\t\t\t<\/div>\n\t\t\t\t\t\t<\/div>\n\t\t\t\t<\/div>\n\t\t\t\t\t<\/div>\n\t\t\t\t<\/div>\n\t\t\t\t<\/div>\n\t\t","protected":false},"excerpt":{"rendered":"<p>\u00d6n Lisans Mezunu Bilgisayar Programc\u0131s\u0131 \u00c7al\u0131\u015fmalar Alt Alanda Verilmi\u015ftir Bilinen Diller C#,HTML,PHP,C++ https:\/\/ertugrulkiral.com.tr\/insaat_stok\/ https:\/\/ertugrulkiral.com.tr\/de\/<\/p>\n","protected":false},"author":1,"featured_media":0,"parent":0,"menu_order":0,"comment_status":"closed","ping_status":"closed","template":"","meta":{"footnotes":""},"class_list":["post-8495","page","type-page","status-publish","hentry"],"_links":{"self":[{"href":"https:\/\/www.iys2.ertugrulkiral.com.tr\/index.php?rest_route=\/wp\/v2\/pages\/8495","targetHints":{"allow":["GET"]}}],"collection":[{"href":"https:\/\/www.iys2.ertugrulkiral.com.tr\/index.php?rest_route=\/wp\/v2\/pages"}],"about":[{"href":"https:\/\/www.iys2.ertugrulkiral.com.tr\/index.php?rest_route=\/wp\/v2\/types\/page"}],"author":[{"embeddable":true,"href":"https:\/\/www.iys2.ertugrulkiral.com.tr\/index.php?rest_route=\/wp\/v2\/users\/1"}],"replies":[{"embeddable":true,"href":"https:\/\/www.iys2.ertugrulkiral.com.tr\/index.php?rest_route=%2Fwp%2Fv2%2Fcomments&post=8495"}],"version-history":[{"count":4,"href":"https:\/\/www.iys2.ertugrulkiral.com.tr\/index.php?rest_route=\/wp\/v2\/pages\/8495\/revisions"}],"predecessor-version":[{"id":8548,"href":"https:\/\/www.iys2.ertugrulkiral.com.tr\/index.php?rest_route=\/wp\/v2\/pages\/8495\/revisions\/8548"}],"wp:attachment":[{"href":"https:\/\/www.iys2.ertugrulkiral.com.tr\/index.php?rest_route=%2Fwp%2Fv2%2Fmedia&parent=8495"}],"curies":[{"name":"wp","href":"https:\/\/api.w.org\/{rel}","templated":true}]}}